{"id":9,"date":"2018-11-15T13:08:51","date_gmt":"2018-11-15T12:08:51","guid":{"rendered":"http:\/\/www.jankroca.cz\/?page_id=9"},"modified":"2022-04-06T14:58:54","modified_gmt":"2022-04-06T12:58:54","slug":"prace-s-krajinou","status":"publish","type":"page","link":"https:\/\/www.jankroca.cz\/index.php\/prace-s-krajinou\/","title":{"rendered":"Pr\u00e1ce s krajinou"},"content":{"rendered":"<p><img decoding=\"async\" src=\"https:\/\/scontent.fprg1-1.fna.fbcdn.net\/v\/t1.15752-9\/68945783_344608776423949_8550726501274746880_n.jpg?_nc_cat=107&amp;_nc_oc=AQlsL9fZ5UuYd1cGZTVk2KlQYge9pqNkmhtW7kNGW8L7OS2prEXXEKYm2y9db_p_h1c3UAGwqCVFIuDlcrkm1x73&amp;_nc_ht=scontent.fprg1-1.fna&amp;oh=065957b49fc223efa181d1443e344615&amp;oe=5E1553AC\" \/><\/p>\n<p>M\u016f\u017eete se mnou vyrazit na doprov\u00e1zenou pou\u0165 na den nebo v\u00edkend, nebo jen na krat\u0161\u00ed intenzivn\u00ed pr\u00e1ci v krajin\u011b, N\u011bkdy sta\u010d\u00ed jen hodina na tom spr\u00e1vn\u00e9m m\u00edst\u011b, aby se daly v\u011bci v \u017eivot\u011b do pohybu.<\/p>\n<p>Vedle toho prov\u00e1d\u00edm energetick\u00e9 posudky pozemk\u016f a jejich napojen\u00ed na okoln\u00ed silov\u00e1 m\u00edsta. Z\u00e1jemc\u016fm rad\u00edm, jak vylep\u0161it harmonick\u00e9 proud\u011bn\u00ed energii v bytech, obchodech, restaurac\u00edch.<\/p>\n<p>N\u011bkdy sta\u010d\u00ed jen drobn\u00e9 \u00fapravy a dostav\u00ed se p\u0159ekvapuj\u00edc\u00ed zlep\u0161en\u00ed. U v\u011bt\u0161\u00edch a problematick\u00fdch pozemk\u016f je n\u011bkdy zapot\u0159eb\u00ed speci\u00e1ln\u00ed ob\u0159ad pro genia loci, nebo instalace ochrann\u00fdch kamen\u016f, podobn\u011b jako na\u0161i p\u0159edkov\u00e9 vylep\u0161ovali sv\u00e9 pozemky pomoc\u00ed vzty\u010den\u00fdch menhir\u016f nebo polodrahokam\u016f, ritu\u00e1ln\u011b ulo\u017een\u00fdch do Zem\u011b.<\/p>\n<p>\u010casto se \u00fa\u010dastn\u00edm projekt\u016f na harmonizaci \u010desk\u00e9 a moravsk\u00e9 krajiny a propojen\u00ed posv\u00e1tn\u00fdch m\u00edst.<\/p>\n<p>U\u017e od d\u011btstv\u00ed vn\u00edm\u00e1m skryt\u00e9 dimenze p\u0159\u00edrody a krajiny. Hodn\u011b jsem se nau\u010dil i od sv\u00fdch u\u010ditel\u016f, kter\u00fdmi byli t\u0159eba Marko Poga\u010dnik a jeho dcera Ana, Jan Tajbo\u0161, Pavel Koz\u00e1k, Zden\u011bk Ordelt, Zbyn\u011bk Aladin Kostrhun, V\u00e1clav C\u00edlek a dal\u0161\u00ed skv\u011bl\u00ed znalci p\u0159\u00edrody, \u010desk\u00e9 krajiny a geomantick\u00fdch technik.<\/p>\n<p>\u00a0<\/p>\n<p>\u00a0<\/p>\n<p><script>(function(d, s, id) {<br \/>\n  var js, fjs = d.getElementsByTagName(s)[0];<br \/>\n  if (d.getElementById(id)) return;<br \/>\n  js = d.createElement(s); js.id = id;<br \/>\n  js.src = 'https:\/\/connect.facebook.net\/cs_CZ\/sdk.js#xfbml=1&version=v3.2';<br \/>\n  fjs.parentNode.insertBefore(js, fjs);<br \/>\n}(document, 'script', 'facebook-jssdk'));<\/script><\/p>\n\n\n<figure class=\"wp-block-image size-large\"><img decoding=\"async\" loading=\"lazy\" width=\"1024\" height=\"768\" src=\"https:\/\/www.jankroca.cz\/wp-content\/uploads\/2022\/04\/Zebin-1024x768.jpg\" alt=\"\" class=\"wp-image-828\" srcset=\"https:\/\/www.jankroca.cz\/wp-content\/uploads\/2022\/04\/Zebin-1024x768.jpg 1024w, https:\/\/www.jankroca.cz\/wp-content\/uploads\/2022\/04\/Zebin-300x225.jpg 300w, https:\/\/www.jankroca.cz\/wp-content\/uploads\/2022\/04\/Zebin-768x576.jpg 768w, https:\/\/www.jankroca.cz\/wp-content\/uploads\/2022\/04\/Zebin-1536x1152.jpg 1536w, https:\/\/www.jankroca.cz\/wp-content\/uploads\/2022\/04\/Zebin.jpg 2016w\" sizes=\"(max-width: 1024px) 100vw, 1024px\" \/><\/figure>\n","protected":false},"excerpt":{"rendered":"<p>M\u016f\u017eete se mnou vyrazit na doprov\u00e1zenou pou\u0165 na den nebo v\u00edkend, nebo jen na krat\u0161\u00ed intenzivn\u00ed pr\u00e1ci v krajin\u011b, N\u011bkdy sta\u010d\u00ed jen hodina na tom spr\u00e1vn\u00e9m m\u00edst\u011b, aby se daly v\u011bci v \u017eivot\u011b do pohybu. Vedle toho prov\u00e1d\u00edm energetick\u00e9 posudky pozemk\u016f a jejich napojen\u00ed na okoln\u00ed silov\u00e1 m\u00edsta. Z\u00e1jemc\u016fm rad\u00edm, jak vylep\u0161it harmonick\u00e9 proud\u011bn\u00ed energii&#8230;<\/p>\n","protected":false},"author":1,"featured_media":95,"parent":0,"menu_order":0,"comment_status":"closed","ping_status":"closed","template":"","meta":[],"_links":{"self":[{"href":"https:\/\/www.jankroca.cz\/index.php\/wp-json\/wp\/v2\/pages\/9"}],"collection":[{"href":"https:\/\/www.jankroca.cz\/index.php\/wp-json\/wp\/v2\/pages"}],"about":[{"href":"https:\/\/www.jankroca.cz\/index.php\/wp-json\/wp\/v2\/types\/page"}],"author":[{"embeddable":true,"href":"https:\/\/www.jankroca.cz\/index.php\/wp-json\/wp\/v2\/users\/1"}],"replies":[{"embeddable":true,"href":"https:\/\/www.jankroca.cz\/index.php\/wp-json\/wp\/v2\/comments?post=9"}],"version-history":[{"count":12,"href":"https:\/\/www.jankroca.cz\/index.php\/wp-json\/wp\/v2\/pages\/9\/revisions"}],"predecessor-version":[{"id":830,"href":"https:\/\/www.jankroca.cz\/index.php\/wp-json\/wp\/v2\/pages\/9\/revisions\/830"}],"wp:featuredmedia":[{"embeddable":true,"href":"https:\/\/www.jankroca.cz\/index.php\/wp-json\/wp\/v2\/media\/95"}],"wp:attachment":[{"href":"https:\/\/www.jankroca.cz\/index.php\/wp-json\/wp\/v2\/media?parent=9"}],"curies":[{"name":"wp","href":"https:\/\/api.w.org\/{rel}","templated":true}]}}