{"id":8,"date":"2018-11-15T13:08:50","date_gmt":"2018-11-15T12:08:50","guid":{"rendered":"http:\/\/www.jankroca.cz\/?page_id=8"},"modified":"2026-01-02T20:18:08","modified_gmt":"2026-01-02T19:18:08","slug":"pruvodcovske-sluzby","status":"publish","type":"page","link":"https:\/\/www.jankroca.cz\/index.php\/pruvodcovske-sluzby\/","title":{"rendered":"Pr\u016fvodcovsk\u00e9 slu\u017eby"},"content":{"rendered":"<div id=\"fb-root\"><\/div>\n<div><strong>Zasv\u011bcen\u00ed krajinou, prov\u00e1zen\u00e9 pouti, inicia\u010dn\u00ed stezky i genius loci posv\u00e1tn\u00fdch m\u011bst.<\/strong><\/div>\n<div><\/div>\n<div>Lesn\u00ed terapie nebo terapie p\u0159\u00edrodou, dne\u0161n\u00edm trendem je vyrazit do p\u0159\u00edrody. V\u011bt\u0161ina lektor\u016f p\u0159\u00edrodn\u00edho l\u00e9\u010den\u00ed v\u00e1s vezmeme na sv\u00e9 jedno obl\u00edben\u00e9 m\u00edsto, t\u0159eba do lesa, u kter\u00e9ho bydl\u00ed. J\u00e1 ale pracuji jinak, v\u017edy vyberu m\u00edsto vhodn\u00e9 pr\u00e1v\u011b pro v\u00e1s, jeho\u017e energie v\u00e1s podpo\u0159\u00ed. M\u00e1m z \u010deho vyb\u00edrat, krajinu st\u0159edn\u00ed Evropy m\u00e1m prochozenou a navn\u00edmanou do velk\u00e9 hloubky. A ke ka\u017ed\u00e9 aktivit\u011b p\u0159izvu s\u00edly a bytosti krajiny, aby se pod\u00edlely na va\u0161em uzdravov\u00e1n\u00ed a rozvoji potenci\u00e1lu.<\/div>\n<div><\/div>\n<div>P\u016fsob\u00edm jako pr\u016fvodce poutn\u00edk\u016f i turist\u016f po <strong>Praze, \u010cesk\u00e9m Krumlov\u011b, Kutn\u00e9 Ho\u0159e, Brn\u011b, Olomouci<\/strong> a mnoh\u00fdch \u010desk\u00fdch, moravsk\u00fdch a slezsk\u00fdch m\u011bstech a jejich magick\u00e9m okol\u00ed.<\/div>\n<div><\/div>\n<div>Dal\u0161\u00ed m\u011bsta, kde p\u016fsob\u00edm na objedn\u00e1vku jako pr\u016fvodce, jsou <strong>Pod\u011bbrady, Kol\u00edn<\/strong> s m\u00e1lo zn\u00e1mou katedr\u00e1lou a tak\u00e9 alchymistick\u00e1 <strong>Kutn\u00e1 Hora<\/strong>, v\u010detn\u011b obou katedr\u00e1l.\u00a0 R\u00e1d v\u00e1s vezmu na z\u00e1\u017eitkovou exkurzi do <strong>Litom\u011b\u0159ic<\/strong> v\u010detn\u011b okoln\u00edch posv\u00e1tn\u00fdch kopc\u016f, jako je Kam\u00fdk, Varho\u0161\u0165 a Mile\u0161ovka, a tak\u00e9 v\u010detn\u011b magick\u00e9ho pr\u016fsmyku <strong>Porta Bohemica<\/strong>.\u00a0 D\u00e1le prov\u00e1d\u00edm ve m\u011bst\u011b <strong>D\u011b\u010d\u00edn<\/strong> v\u010detn\u011b z\u00e1mku a zasv\u011bcovac\u00ed skaln\u00ed vyhl\u00eddky Belveder, m\u016f\u017eete se mnou nav\u0161t\u00edvit i <strong>Karlovy Vary<\/strong> v\u010detn\u011b mystick\u00e9ho hradu <strong>And\u011blsk\u00e1 Hora<\/strong>, a tak\u00e9 po\u0161umavsk\u00e9<strong> Klatovy<\/strong> v\u010detn\u011b tajemn\u00e9ho hradu <strong>Velhartice, Plze\u0148<\/strong> v\u010detn\u011b hradi\u0161t\u011b Star\u00fd Plzenec a kr\u00e1lovsk\u00e9ho hradu Radyn\u011b, <strong>Hradec Kr\u00e1lov<\/strong>\u00e9 v\u010detn\u011b energeticky siln\u00e9ho hradu <strong>Kun\u011btick\u00e1 Hor<\/strong>a, <strong>Znojmo<\/strong> v\u010detn\u011b \u0159\u00edmsk\u00e9 svatyn\u011b a sou\u010dasn\u011b skv\u011bl\u00e9 vinice <strong>\u0160obes<\/strong> a tajemn\u00fdch m\u00edst N\u00e1rodn\u00edho parku Podyj\u00ed, kam v\u00e1s r\u00e1d vezmu i na doprov\u00e1zenou pou\u0165 do divo\u010diny n\u00e1rodn\u00edho parku, vhodnou tak\u00e9 jako relaxace pro unaven\u00e9 nebo lehce vyho\u0159el\u00e9 mana\u017eery.<\/div>\n<div><\/div>\n<div>Jako pr\u016fvodce turist\u016f i firemn\u00edch skupin m\u00e1m r\u00e1d tak\u00e9 st\u0159edov\u011bkou <strong>Jihlavu<\/strong>, malebnou \u017eidovskou <strong>T\u0159eb\u00ed\u010d<\/strong> s rom\u00e1nsko-gotickou bazilikou a p\u00e1lavsk\u00fd <strong>Mikulov<\/strong> v\u010detn\u011b Svat\u00e9ho kope\u010dku, kter\u00fd r\u00e1d naz\u00fdv\u00e1m p\u016fvodn\u00edm ob\u0159adn\u00edm jm\u00e9nem Tanzberg.\u00a0 Ve v\u00fdchodn\u00edch \u010cech\u00e1ch beru poutn\u00edky do kouzeln\u00fdch \u00fadol\u00ed v okol\u00ed <strong>Sobotky a Ji\u010d\u00edna<\/strong>, prov\u00e1z\u00edm tak\u00e9 v <strong>Adr\u0161pachu<\/strong> a skaln\u00edch m\u011bstech <strong>N\u00e1chodska<\/strong>, v\u010detn\u011b tech nejv\u011bt\u0161\u00edch na polsk\u00e9 stran\u011b hranice, jako je Hej\u0161ovina se skaln\u00edm bludi\u0161t\u011bm. Na jihu \u010cech se mnou m\u016f\u017eeme spole\u010dn\u011b p\u011b\u0161ky proj\u00edt barokn\u00ed <strong>\u0158\u00edmovskou poutn\u00ed cestu<\/strong> v unik\u00e1tn\u00ed d\u00e9lce p\u011bt kilometr\u016f jiho\u010deskou p\u0159\u00edrodou, o kousek d\u00e1l nav\u0161t\u00edv\u00edme skryt\u00e9 inicia\u010dn\u00ed stezky <strong>Novohradsk\u00fdch hor<\/strong>, v\u010detn\u011b zasv\u011bcovac\u00edch skaln\u00edch vyhl\u00eddek na rakousk\u00e9 stran\u011b hranice.<\/div>\n<div><\/div>\n<div>Vedle sv\u00fdch obl\u00edben\u00fdch m\u011bst pak \u010dasto s turisty i korpor\u00e1tn\u00edmi skupinami nav\u0161t\u011bvuji p\u0159\u00edrodn\u00ed rezervace <strong>\u010cesk\u00fd r\u00e1j, \u010cesk\u00fd kras i Moravsk\u00fd kras, P\u00e1lavu, Beskydy, Podyj\u00ed\u00a0 a Mal\u00e9 Karpaty.<\/strong><\/div>\n<div><\/div>\n<div>V p\u0159\u00edrod\u011b d\u00e1v\u00e1m p\u0159ed turisticky frekventovan\u00fdmi trasami p\u0159ednost skryt\u00fdm inicia\u010dn\u00edm stezk\u00e1m, kter\u00e9 jsou fascinuj\u00edc\u00ed i pro dne\u0161n\u00ed poutn\u00edky, kte\u0159\u00ed se se mnou vyd\u00e1vaj\u00ed na doprov\u00e1zen\u00e9 pout\u011b a zasv\u011bcen\u00ed do sil p\u0159\u00edrodn\u00edch svatyn\u00ed, proto\u017ee krajiny vnit\u0159n\u00ed i vn\u011bj\u0161\u00ed spolu p\u0159\u00edmo souvisej\u00ed.<\/div>\n<div><\/div>\n<div>Ve sv\u00fdch turistick\u00fdch exkurz\u00edch na objedn\u00e1vku kladu d\u016fraz na propojen\u00ed krajiny a architektury, r\u00e1d sv\u00fdm klient\u016fm ukazuji alchymistick\u00e9, astrologick\u00e9 a dal\u0161\u00ed hermetick\u00e9 symboly na z\u00e1mc\u00edch, kostel\u00edch i m\u011bstsk\u00fdch domech.<\/div>\n<div><\/div>\n<div>Vyu\u017e\u00edv\u00e1m znalost\u00ed historie, architektury i posv\u00e1tn\u00e9 geometrie k v\u00fdkladu, kter\u00fd u b\u011b\u017en\u00fdch pr\u016fvodc\u016f nenajdete. Jako geomant v\u00e1m mohu v \u010desk\u00e9 krajin\u011b uk\u00e1zat \u0161amansk\u00fdmi a druidsk\u00fdmi technikami v\u00edce, ne\u017e jste mo\u017en\u00e1 zvykl\u00ed b\u011b\u017en\u011b vid\u011bt.<\/div>\n<div><\/div>\n<div>Moje pr\u016fvodcovsk\u00e9 slu\u017eby si m\u016f\u017eete objednat t\u0159eba jen na dv\u011b hodiny, t\u0159eba na prohl\u00eddku Vy\u0161ehradu, na cel\u00fd den, t\u0159eba na exkurzi na <strong>Karl\u0161tejn<\/strong> nebo <strong>Karlov\u00fdch Var\u016f<\/strong>, nebo i na t\u00fdden, kdy va\u0161i skupinu provedu po keltsk\u00fdch a slovansk\u00fdch hradi\u0161t\u00edch, skvostech \u010desk\u00e9 gotiky, moravsk\u00e9ho baroka nebo po alchymistick\u00fdch a zedn\u00e1\u0159sk\u00fdch zasv\u011bcovac\u00edch zahrad\u00e1ch z\u00e1mk\u016f v \u010cR.<\/div>\n<div><\/div>\n<div>\u010casto prov\u00e1z\u00edm skupiny z\u00e1jemc\u016f i v <strong>Rakousku, N\u011bmecku a It\u00e1lii<\/strong>. A tak\u00e9 samoz\u0159ejm\u011b po cel\u00e9m Slovensku, na jeho magick\u00e1 m\u00edsta jezd\u00edm velmi r\u00e1d. Nov\u011b jsem za\u010dal jako pr\u016fvodce jezdit i na <strong>bosensk\u00e9 pyramidy<\/strong> a posv\u00e1tn\u00e1 m\u00edsta <strong>Balk\u00e1nu<\/strong>.<\/div>\n<div><\/div>\n<div>Samostatnou kapitolou jsou exkurze na l\u00e9\u010div\u00e1 m\u00edsta, jako jsou prameny a sk\u00e1ly. Napsal jsem o nich n\u011bkolik knih a \u0159adu \u010dl\u00e1nk\u016f, v\u011bt\u0161inou pod sv\u00fdm jm\u00e9nem Jan Kro\u010da.\u00a0 <a href=\"https:\/\/www.databazeknih.cz\/autori\/jan-kroca-42261\">https:\/\/www.databazeknih.cz\/autori\/jan-kroca-42261<\/a><\/div>\n<div><\/div>\n<div>Jako milovn\u00edk dobr\u00e9ho v\u00edna v\u00e1m dok\u00e1\u017eu domluvit speci\u00e1ln\u00ed podm\u00ednky v r\u00e1mci vina\u0159sk\u00e9 turistiky. Velmi r\u00e1d beru turisty i firemn\u00ed skupiny na exkurze a degustace do \u010desk\u00fdch pivovar\u016f a k v\u00fdrobc\u016fm region\u00e1ln\u00edch lik\u00e9r\u016f.<\/div>\n<div><\/div>\n<div>A jak\u00fd je m\u016fj <strong>sazebn\u00edk<\/strong> pro nov\u00e9 klienty v roce 2026?<\/div>\n<div><\/div>\n<div>Fakturuji 3,5 tis. K\u010d za 2 hodiny, 6 tis. K\u010d za 4 hodiny, ka\u017ed\u00e1 dal\u0161\u00ed hodina 1,2 tis. K\u010d. Pro skupinu 1 a\u017e 8 lid\u00ed, v\u011bt\u0161\u00ed skupiny dohodou.<\/div>\n<div><\/div>\n<div>\n<div class=\"b b-text cf\">\n<div class=\"b-c b-text-c b-s b-s-t60 b-s-b60 b-cs cf\">\n<p class=\"wnd-align-justify\">Upozorn\u011bn\u00ed: Nejsem cestovn\u00ed kancel\u00e1\u0159 a moje akce nejsou z\u00e1jezdem dle z\u00e1kona \u010d. 159\/1999 Sb. Jako organiz\u00e1tor zaji\u0161\u0165uji pouze organiza\u010dn\u00ed podporu a program. Ubytov\u00e1n\u00ed<strong>\u00a0<\/strong>a stravu nezaji\u0161\u0165uji \u2013 tyto slu\u017eby si \u00fa\u010dastn\u00edci hrad\u00ed samostatn\u011b p\u0159\u00edmo poskytovateli ubytov\u00e1n\u00ed. Ka\u017ed\u00fd \u00fa\u010dastn\u00edk je odpov\u011bdn\u00fd za svou cestu i zdrav\u00ed, proto doporu\u010dujeme sjednat cestovn\u00ed poji\u0161t\u011bn\u00ed a vybavit se na cestu pot\u0159ebnou v\u00fdbavou a l\u00e9ky. Jako organiz\u00e1to\u0159i nem\u016f\u017eeme n\u00e9st odpov\u011bdnost za zdrav\u00ed ani majetek \u00fa\u010dastn\u00edk\u016f.<\/p>\n<p class=\"wnd-align-justify\">Faktura\u010dn\u00ed \u00fadaje najdete v rubrice Kontakt.<\/p>\n<\/div>\n<\/div>\n<\/div>\n<div><\/div>\n<div><\/div>\n<div><img decoding=\"async\" loading=\"lazy\" class=\"alignnone size-medium wp-image-97\" src=\"http:\/\/www.jankroca.cz\/wp-content\/uploads\/2018\/11\/foto-Jan-Kro\u010da-225x300.jpg\" sizes=\"(max-width: 225px) 100vw, 225px\" alt=\"\" width=\"225\" height=\"300\" srcset=\"https:\/\/www.jankroca.cz\/wp-content\/uploads\/2018\/11\/foto-Jan-Kro\u010da-225x300.jpg 225w, https:\/\/www.jankroca.cz\/wp-content\/uploads\/2018\/11\/foto-Jan-Kro\u010da.jpg 720w\" \/><\/div>\n<p><script>(function(d, s, id) {<br \/>\n  var js, fjs = d.getElementsByTagName(s)[0];<br \/>\n  if (d.getElementById(id)) return;<br \/>\n  js = d.createElement(s); js.id = id;<br \/>\n  js.src = 'https:\/\/connect.facebook.net\/cs_CZ\/sdk.js#xfbml=1&version=v3.2';<br \/>\n  fjs.parentNode.insertBefore(js, fjs);<br \/>\n}(document, 'script', 'facebook-jssdk'));<\/script><\/p>\n","protected":false},"excerpt":{"rendered":"<p>Zasv\u011bcen\u00ed krajinou, prov\u00e1zen\u00e9 pouti, inicia\u010dn\u00ed stezky i genius loci posv\u00e1tn\u00fdch m\u011bst. Lesn\u00ed terapie nebo terapie p\u0159\u00edrodou, dne\u0161n\u00edm trendem je vyrazit do p\u0159\u00edrody. V\u011bt\u0161ina lektor\u016f p\u0159\u00edrodn\u00edho l\u00e9\u010den\u00ed v\u00e1s vezmeme na sv\u00e9 jedno obl\u00edben\u00e9 m\u00edsto, t\u0159eba do lesa, u kter\u00e9ho bydl\u00ed. J\u00e1 ale pracuji jinak, v\u017edy vyberu m\u00edsto vhodn\u00e9 pr\u00e1v\u011b pro v\u00e1s, jeho\u017e energie v\u00e1s podpo\u0159\u00ed. M\u00e1m&#8230;<\/p>\n","protected":false},"author":1,"featured_media":79,"parent":0,"menu_order":0,"comment_status":"closed","ping_status":"closed","template":"","meta":[],"_links":{"self":[{"href":"https:\/\/www.jankroca.cz\/index.php\/wp-json\/wp\/v2\/pages\/8"}],"collection":[{"href":"https:\/\/www.jankroca.cz\/index.php\/wp-json\/wp\/v2\/pages"}],"about":[{"href":"https:\/\/www.jankroca.cz\/index.php\/wp-json\/wp\/v2\/types\/page"}],"author":[{"embeddable":true,"href":"https:\/\/www.jankroca.cz\/index.php\/wp-json\/wp\/v2\/users\/1"}],"replies":[{"embeddable":true,"href":"https:\/\/www.jankroca.cz\/index.php\/wp-json\/wp\/v2\/comments?post=8"}],"version-history":[{"count":14,"href":"https:\/\/www.jankroca.cz\/index.php\/wp-json\/wp\/v2\/pages\/8\/revisions"}],"predecessor-version":[{"id":2849,"href":"https:\/\/www.jankroca.cz\/index.php\/wp-json\/wp\/v2\/pages\/8\/revisions\/2849"}],"wp:featuredmedia":[{"embeddable":true,"href":"https:\/\/www.jankroca.cz\/index.php\/wp-json\/wp\/v2\/media\/79"}],"wp:attachment":[{"href":"https:\/\/www.jankroca.cz\/index.php\/wp-json\/wp\/v2\/media?parent=8"}],"curies":[{"name":"wp","href":"https:\/\/api.w.org\/{rel}","templated":true}]}}