{"id":26,"date":"2018-11-15T13:25:00","date_gmt":"2018-11-15T12:25:00","guid":{"rendered":"http:\/\/www.jankroca.cz\/?page_id=26"},"modified":"2025-01-03T16:45:15","modified_gmt":"2025-01-03T15:45:15","slug":"inspirativni-odkazy","status":"publish","type":"page","link":"https:\/\/www.jankroca.cz\/index.php\/inspirativni-odkazy\/","title":{"rendered":"Inspirativn\u00ed odkazy"},"content":{"rendered":"\n<p><a href=\"http:\/\/www.astropraha.cz\" target=\"_blank\" rel=\"noreferrer noopener\">www.astropraha.cz<\/a><\/p>\n\n\n\n<p>Pravideln\u00e9 m\u011bs\u00ed\u010dn\u00ed astrologick\u00e9 proch\u00e1zky Prahou s Janem Kro\u010dou<\/p>\n\n\n\n<p><a href=\"http:\/\/www.lifenet.si\/\" target=\"_blank\" rel=\"noreferrer noopener\">www.lifenet.si<\/a><\/p>\n\n\n\n<p>Meditace pro pr\u00e1ci se Zem\u00ed &#8211; Gaiou a element\u00e1rn\u00edmi bytostmi od Marko Poga\u010dnika<\/p>\n\n\n\n<p><a href=\"https:\/\/radkasvatosova.cz\/\">https:\/\/radkasvatosova.cz\/<\/a><\/p>\n\n\n\n<p>Odkaz na p\u0159edn\u00ed \u010deskou bylink\u00e1\u0159ku a po\u0159adatelku kurz\u016f Radku Svato\u0161ovou, zakladatelku spolu Zelen\u00e1 Louka<\/p>\n\n\n\n<p><a rel=\"noreferrer noopener\" href=\"http:\/\/www.hafes.cz\" target=\"_blank\">www.hafes.cz<\/a><\/p>\n\n\n\n<p>Zku\u0161en\u00e1 l\u00e9\u010ditelka Hana Fedora Smejtkov\u00e1 se znalost\u00ed reflexn\u00ed terapie, spolu-pr\u016fvodkyn\u011b projektu AstroPraha.cz<\/p>\n\n\n\n<p><a href=\"http:\/\/www.peterbartal.cz\" target=\"_blank\" rel=\"noreferrer noopener\">www.peterbartal.cz<\/a><\/p>\n\n\n\n<p>Skv\u011bl\u00e9 exkurze a p\u0159edn\u00e1\u0161ky v Praze<\/p>\n\n\n\n<p><a href=\"http:\/\/www.druidi.cz\" data-type=\"URL\" data-id=\"www.druidi.cz\">www.druidi.cz<\/a><\/p>\n\n\n\n<p>Aktivace hrani\u010dn\u00edch hor a energetick\u00fdch okruh\u016f kolem m\u011bst, \u0161kola pr\u00e1ce s krajinou<\/p>\n\n\n\n<p><\/p>\n","protected":false},"excerpt":{"rendered":"<p>www.astropraha.cz Pravideln\u00e9 m\u011bs\u00ed\u010dn\u00ed astrologick\u00e9 proch\u00e1zky Prahou s Janem Kro\u010dou www.lifenet.si Meditace pro pr\u00e1ci se Zem\u00ed &#8211; Gaiou a element\u00e1rn\u00edmi bytostmi od Marko Poga\u010dnika https:\/\/radkasvatosova.cz\/ Odkaz na p\u0159edn\u00ed \u010deskou bylink\u00e1\u0159ku a po\u0159adatelku kurz\u016f Radku Svato\u0161ovou, zakladatelku spolu Zelen\u00e1 Louka www.hafes.cz Zku\u0161en\u00e1 l\u00e9\u010ditelka Hana Fedora Smejtkov\u00e1 se znalost\u00ed reflexn\u00ed terapie, spolu-pr\u016fvodkyn\u011b projektu AstroPraha.cz www.peterbartal.cz Skv\u011bl\u00e9 exkurze a&#8230;<\/p>\n","protected":false},"author":1,"featured_media":5,"parent":0,"menu_order":0,"comment_status":"closed","ping_status":"closed","template":"","meta":[],"_links":{"self":[{"href":"https:\/\/www.jankroca.cz\/index.php\/wp-json\/wp\/v2\/pages\/26"}],"collection":[{"href":"https:\/\/www.jankroca.cz\/index.php\/wp-json\/wp\/v2\/pages"}],"about":[{"href":"https:\/\/www.jankroca.cz\/index.php\/wp-json\/wp\/v2\/types\/page"}],"author":[{"embeddable":true,"href":"https:\/\/www.jankroca.cz\/index.php\/wp-json\/wp\/v2\/users\/1"}],"replies":[{"embeddable":true,"href":"https:\/\/www.jankroca.cz\/index.php\/wp-json\/wp\/v2\/comments?post=26"}],"version-history":[{"count":12,"href":"https:\/\/www.jankroca.cz\/index.php\/wp-json\/wp\/v2\/pages\/26\/revisions"}],"predecessor-version":[{"id":1963,"href":"https:\/\/www.jankroca.cz\/index.php\/wp-json\/wp\/v2\/pages\/26\/revisions\/1963"}],"wp:featuredmedia":[{"embeddable":true,"href":"https:\/\/www.jankroca.cz\/index.php\/wp-json\/wp\/v2\/media\/5"}],"wp:attachment":[{"href":"https:\/\/www.jankroca.cz\/index.php\/wp-json\/wp\/v2\/media?parent=26"}],"curies":[{"name":"wp","href":"https:\/\/api.w.org\/{rel}","templated":true}]}}