{"id":12,"date":"2018-11-15T13:08:51","date_gmt":"2018-11-15T12:08:51","guid":{"rendered":"http:\/\/www.jankroca.cz\/?page_id=12"},"modified":"2025-08-29T16:59:06","modified_gmt":"2025-08-29T14:59:06","slug":"kontakt","status":"publish","type":"page","link":"https:\/\/www.jankroca.cz\/index.php\/kontakt\/","title":{"rendered":"Kontakt"},"content":{"rendered":"<div id=\"fb-root\">&nbsp;<\/div>\n<p><script>(function(d, s, id) {<br \/>\n  var js, fjs = d.getElementsByTagName(s)[0];<br \/>\n  if (d.getElementById(id)) return;<br \/>\n  js = d.createElement(s); js.id = id;<br \/>\n  js.src = 'https:\/\/connect.facebook.net\/cs_CZ\/sdk.js#xfbml=1&version=v3.2';<br \/>\n  fjs.parentNode.insertBefore(js, fjs);<br \/>\n}(document, 'script', 'facebook-jssdk'));<\/script><\/p>\n<p><a href=\"http:\/\/www.facebook.com\/jan.kroca\" target=\"_blank\" rel=\"noopener\">www.facebook.com\/jan.kroca<\/a><\/p>\n<p><a href=\"https:\/\/www.facebook.com\/pruvodcejankroca\">www.facebook.com\/pruvodcejankroca<\/a><\/p>\n<p><a href=\"mailto:jan.kroca@seznam.cz\">jan.kroca@seznam.cz<\/a><\/p>\n<p style=\"text-align: left;\"><a href=\"tel:+420 603 72 88 51\">+420 603 72 88 51<\/a><\/p>\n\n\n<figure class=\"wp-block-image size-large\"><img decoding=\"async\" loading=\"lazy\" width=\"1024\" height=\"768\" src=\"https:\/\/www.jankroca.cz\/wp-content\/uploads\/2024\/01\/Ja-1024x768.jpg\" alt=\"\" class=\"wp-image-1526\" srcset=\"https:\/\/www.jankroca.cz\/wp-content\/uploads\/2024\/01\/Ja-1024x768.jpg 1024w, https:\/\/www.jankroca.cz\/wp-content\/uploads\/2024\/01\/Ja-300x225.jpg 300w, https:\/\/www.jankroca.cz\/wp-content\/uploads\/2024\/01\/Ja-768x576.jpg 768w, https:\/\/www.jankroca.cz\/wp-content\/uploads\/2024\/01\/Ja-850x638.jpg 850w, https:\/\/www.jankroca.cz\/wp-content\/uploads\/2024\/01\/Ja.jpg 1125w\" sizes=\"(max-width: 1024px) 100vw, 1024px\" \/><\/figure>\n\n\n\n<p>Faktura\u010dn\u00ed adresa: <\/p>\n\n\n\n<p>Mgr. Jan Kro\u010da, Herbenova 722\/74, 102 00 Praha, Hostiva\u0159<\/p>\n\n\n\n<p>I\u010cO: 68861397<\/p>\n\n\n\n<p>Upozorn\u011bn\u00ed: Nejsem cestovn\u00ed kancel\u00e1\u0159 a moje akce nejsou z\u00e1jezdem dle z\u00e1kona \u010d. 159\/1999 Sb. Ubytov\u00e1n\u00ed, stravu i dopravu si ka\u017ed\u00fd z \u00fa\u010dastn\u00edk\u016f hrad\u00ed s\u00e1m. <\/p>\n\n\n\n<p><\/p>\n","protected":false},"excerpt":{"rendered":"<p>&nbsp; www.facebook.com\/jan.kroca www.facebook.com\/pruvodcejankroca jan.kroca@seznam.cz +420 603 72 88 51 Faktura\u010dn\u00ed adresa: Mgr. Jan Kro\u010da, Herbenova 722\/74, 102 00 Praha, Hostiva\u0159 I\u010cO: 68861397 Upozorn\u011bn\u00ed: Nejsem cestovn\u00ed kancel\u00e1\u0159 a moje akce nejsou z\u00e1jezdem dle z\u00e1kona \u010d. 159\/1999 Sb. Ubytov\u00e1n\u00ed, stravu i dopravu si ka\u017ed\u00fd z \u00fa\u010dastn\u00edk\u016f hrad\u00ed s\u00e1m.<\/p>\n","protected":false},"author":1,"featured_media":0,"parent":0,"menu_order":0,"comment_status":"closed","ping_status":"closed","template":"","meta":[],"_links":{"self":[{"href":"https:\/\/www.jankroca.cz\/index.php\/wp-json\/wp\/v2\/pages\/12"}],"collection":[{"href":"https:\/\/www.jankroca.cz\/index.php\/wp-json\/wp\/v2\/pages"}],"about":[{"href":"https:\/\/www.jankroca.cz\/index.php\/wp-json\/wp\/v2\/types\/page"}],"author":[{"embeddable":true,"href":"https:\/\/www.jankroca.cz\/index.php\/wp-json\/wp\/v2\/users\/1"}],"replies":[{"embeddable":true,"href":"https:\/\/www.jankroca.cz\/index.php\/wp-json\/wp\/v2\/comments?post=12"}],"version-history":[{"count":11,"href":"https:\/\/www.jankroca.cz\/index.php\/wp-json\/wp\/v2\/pages\/12\/revisions"}],"predecessor-version":[{"id":2622,"href":"https:\/\/www.jankroca.cz\/index.php\/wp-json\/wp\/v2\/pages\/12\/revisions\/2622"}],"wp:attachment":[{"href":"https:\/\/www.jankroca.cz\/index.php\/wp-json\/wp\/v2\/media?parent=12"}],"curies":[{"name":"wp","href":"https:\/\/api.w.org\/{rel}","templated":true}]}}