{"id":1163,"date":"2023-02-14T18:02:20","date_gmt":"2023-02-14T17:02:20","guid":{"rendered":"https:\/\/www.jankroca.cz\/?page_id=1163"},"modified":"2023-02-23T14:56:50","modified_gmt":"2023-02-23T13:56:50","slug":"ochrana-osobnich-udaju-gdpr","status":"publish","type":"page","link":"https:\/\/www.jankroca.cz\/index.php\/ochrana-osobnich-udaju-gdpr\/","title":{"rendered":"Ochrana osobn\u00edch \u00fadaj\u016f &#8211; GDPR"},"content":{"rendered":"\n<p>V\u00e1\u017een\u00ed n\u00e1v\u0161t\u011bvn\u00edci,<\/p>\n\n\n\n<p>r\u00e1di bychom v\u00e1s touto cestou informovali o zp\u016fsobu nakl\u00e1d\u00e1n\u00ed s osobn\u00edmi informacemi, kter\u00e9 v r\u00e1mci na\u0161\u00ed \u010dinnosti zpracov\u00e1v\u00e1me. Prohla\u0161ujeme, \u017ee dodr\u017eujeme na\u0159\u00edzen\u00ed&nbsp;Evropsk\u00e9ho parlamentu a Rady (EU) 2016\/679 d\u00e1le ozna\u010dovan\u00e9 jako \u201e<strong>GDPR<\/strong>\u201e.<\/p>\n\n\n\n<h2 id=\"kdo-s-osobnimi-udaji-pracuje\">KDO S OSOBN\u00cdMI \u00daDAJI PRACUJE?<\/h2>\n\n\n\n<p>Spr\u00e1vcem se podle \u010dl. 4 odst. 7) GDPR rozum\u00ed fyzick\u00e1 nebo pr\u00e1vnick\u00e1 osoba, kter\u00e1 sama nebo spole\u010dn\u011b s&nbsp;jin\u00fdmi ur\u010duje \u00fa\u010dely a prost\u0159edky zpracov\u00e1n\u00ed osobn\u00edch \u00fadaj\u016f.<\/p>\n\n\n\n<p>Osobn\u00ed \u00fadaje z\u00edskan\u00e9 na tomto webu zpracov\u00e1v\u00e1 v\u00fdhradn\u011b Jan Kro\u010da. D\u00e1le ozna\u010dovan\u00fd jako \u201e<strong>Spr\u00e1vce<\/strong>\u201e.<\/p>\n\n\n\n<h2 id=\"jake-udaje-zpracovavame\">JAK\u00c9 \u00daDAJE ZPRACOV\u00c1V\u00c1ME?<\/h2>\n\n\n\n<p>Spr\u00e1vce zpracov\u00e1v\u00e1 osobn\u00ed \u00fadaje na z\u00e1klad\u011b pr\u00e1vn\u00edch titul\u016f uveden\u00fdch n\u00ed\u017ee:<\/p>\n\n\n\n<p><strong>Poskytov\u00e1n\u00ed slu\u017eeb a spolupr\u00e1ci s klienty Spr\u00e1vce:<\/strong><\/p>\n\n\n\n<ul>\n<li>Jm\u00e9no a p\u0159\u00edjmen\u00ed<\/li>\n\n\n\n<li>Emailov\u00e1 adresa<\/li>\n\n\n\n<li>Telefonn\u00ed \u010d\u00edslo<\/li>\n<\/ul>\n\n\n\n<h2 id=\"jak-osobni-udaje-ziskavame\">JAK OSOBN\u00cd \u00daDAJE Z\u00cdSK\u00c1V\u00c1ME?<\/h2>\n\n\n\n<p>Osobn\u00ed \u00fadaje z\u00edsk\u00e1v\u00e1me na z\u00e1klad\u011b popt\u00e1vky ze strany klienta a nav\u00e1z\u00e1n\u00edm spolupr\u00e1ce. C\u00edlen\u011b osobn\u00ed \u00fadaje nevyhled\u00e1v\u00e1me. Pro spln\u011bn\u00ed podm\u00ednek GDPR je z\u00edsk\u00e1v\u00e1n\u00ed osobn\u00edch \u00fadaj\u016f prov\u00e1d\u011bno na z\u00e1klad\u011b n\u011bkter\u00e9ho z n\u00ed\u017ee uveden\u00fdch pr\u00e1vn\u00edch titul\u016f:<\/p>\n\n\n\n<ul>\n<li>zpracov\u00e1n\u00ed je v\u017edy prov\u00e1d\u011bno pouze v nutn\u00fdch p\u0159\u00edpadech legitimn\u00edm zp\u016fsobem, kter\u00fd je stanoven\u00fd pr\u00e1vn\u00edm z\u00e1kladem st\u00e1tu<\/li>\n\n\n\n<li>zpracov\u00e1n\u00ed je zalo\u017eeno na v\u00fdslovn\u00e9m souhlasu klienta \u010di subjektu. P\u0159\u00edm\u00fd souhlas je vy\u017eadov\u00e1n pouze v p\u0159\u00edpadech, kter\u00e9 se net\u00fdkaj\u00ed v\u00fd\u0161e zm\u00edn\u011bn\u00fdch pr\u00e1vn\u00edch titul\u016f.<\/li>\n<\/ul>\n\n\n\n<h2 id=\"we-re-a-studio-in-berlin-with-an-international-practice-in-architecture-urban-planning-and-interior-design-we-believe-in-sharing-knowledge-and-promoting-dialogue-to-increase-the-creative-potential-of-collaboration\">P\u0158\u00cdJEMCE OSOBN\u00cdCH \u00daDAJ\u016e<\/h2>\n\n\n\n<p>P\u0159\u00edjemcem osobn\u00edch \u00fadaj\u016f je p\u0159\u00edmo spr\u00e1vce.<\/p>\n\n\n\n<p>\u017d\u00e1dn\u00e9 osobn\u00ed \u00fadaje nejsou p\u0159ed\u00e1v\u00e1ny t\u0159et\u00edm stran\u00e1m \u010di jin\u00fdm organizac\u00edm.<\/p>\n\n\n\n<h2 id=\"prava-subjektu-osobnich-udaju\">PR\u00c1VA SUBJEKT\u016e OSOBN\u00cdCH \u00daDAJ\u016e<\/h2>\n\n\n\n<p>Subjekty maj\u00ed v souladu s kapitolou III. GDPR tato pr\u00e1va:<\/p>\n\n\n\n<ul>\n<li>v&nbsp;p\u0159\u00edpad\u011b zpracov\u00e1n\u00ed osobn\u00edch \u00fadaj\u016f na z\u00e1klad\u011b souhlasu kdykoliv takov\u00fd souhlas odvolat,<\/li>\n\n\n\n<li>na poskytnut\u00ed informac\u00ed o zpracov\u00e1n\u00ed Va\u0161ich osobn\u00edch \u00fadaj\u016f podle \u010dl\u00e1nku 13 a \u010dl\u00e1nku 14 GDPR,<\/li>\n\n\n\n<li>na p\u0159\u00edstup ke zpracov\u00e1van\u00fdm osobn\u00edm \u00fadaj\u016fm, opravu a dopln\u011bn\u00ed t\u011bchto \u00fadaj\u016f,<\/li>\n\n\n\n<li>na v\u00fdmaz t\u011bchto \u00fadaj\u016f podle \u010dl\u00e1nku 17 GDPR nebo omezen\u00ed zpracov\u00e1n\u00ed,<\/li>\n\n\n\n<li>na p\u0159enos va\u0161ich osobn\u00edch \u00fadaj\u016f k&nbsp;jin\u00e9mu spr\u00e1vci,<\/li>\n\n\n\n<li>na vznesen\u00ed n\u00e1mitky proti zpracov\u00e1n\u00ed osobn\u00edch \u00fadaj\u016f v\u010detn\u011b profilov\u00e1n\u00ed a rozhodov\u00e1n\u00ed na z\u00e1klad\u011b automatizovan\u00e9ho zpracov\u00e1n\u00ed,<\/li>\n\n\n\n<li>obr\u00e1tit se na dozorov\u00fd \u00fa\u0159ad v&nbsp;p\u0159\u00edpad\u011b rozporu s&nbsp;v\u00fd\u0161e uveden\u00fdm nebo se z\u00e1sadami zpracov\u00e1n\u00ed osobn\u00edch \u00fadaj\u016f.<\/li>\n<\/ul>\n\n\n\n<p>V p\u0159\u00edpad\u011b z\u00e1jmu uplatn\u011bn\u00ed n\u011bkter\u00e9ho z v\u00fd\u0161e uveden\u00fdch pr\u00e1v pros\u00edm kontaktujte Spr\u00e1vce p\u00edsemn\u011b na emailov\u00e9 adrese&nbsp;<a href=\"mailto:jan.kroca@seznam.cz\">jan.kroca@seznam.cz<\/a>.<\/p>\n","protected":false},"excerpt":{"rendered":"<p>V\u00e1\u017een\u00ed n\u00e1v\u0161t\u011bvn\u00edci, r\u00e1di bychom v\u00e1s touto cestou informovali o zp\u016fsobu nakl\u00e1d\u00e1n\u00ed s osobn\u00edmi informacemi, kter\u00e9 v r\u00e1mci na\u0161\u00ed \u010dinnosti zpracov\u00e1v\u00e1me. Prohla\u0161ujeme, \u017ee dodr\u017eujeme na\u0159\u00edzen\u00ed&nbsp;Evropsk\u00e9ho parlamentu a Rady (EU) 2016\/679 d\u00e1le ozna\u010dovan\u00e9 jako \u201eGDPR\u201e. KDO S OSOBN\u00cdMI \u00daDAJI PRACUJE? Spr\u00e1vcem se podle \u010dl. 4 odst. 7) GDPR rozum\u00ed fyzick\u00e1 nebo pr\u00e1vnick\u00e1 osoba, kter\u00e1 sama nebo spole\u010dn\u011b&#8230;<\/p>\n","protected":false},"author":1,"featured_media":0,"parent":0,"menu_order":0,"comment_status":"closed","ping_status":"closed","template":"","meta":[],"_links":{"self":[{"href":"https:\/\/www.jankroca.cz\/index.php\/wp-json\/wp\/v2\/pages\/1163"}],"collection":[{"href":"https:\/\/www.jankroca.cz\/index.php\/wp-json\/wp\/v2\/pages"}],"about":[{"href":"https:\/\/www.jankroca.cz\/index.php\/wp-json\/wp\/v2\/types\/page"}],"author":[{"embeddable":true,"href":"https:\/\/www.jankroca.cz\/index.php\/wp-json\/wp\/v2\/users\/1"}],"replies":[{"embeddable":true,"href":"https:\/\/www.jankroca.cz\/index.php\/wp-json\/wp\/v2\/comments?post=1163"}],"version-history":[{"count":2,"href":"https:\/\/www.jankroca.cz\/index.php\/wp-json\/wp\/v2\/pages\/1163\/revisions"}],"predecessor-version":[{"id":1168,"href":"https:\/\/www.jankroca.cz\/index.php\/wp-json\/wp\/v2\/pages\/1163\/revisions\/1168"}],"wp:attachment":[{"href":"https:\/\/www.jankroca.cz\/index.php\/wp-json\/wp\/v2\/media?parent=1163"}],"curies":[{"name":"wp","href":"https:\/\/api.w.org\/{rel}","templated":true}]}}