{"id":10,"date":"2018-11-15T13:08:51","date_gmt":"2018-11-15T12:08:51","guid":{"rendered":"http:\/\/www.jankroca.cz\/?page_id=10"},"modified":"2024-02-26T13:05:05","modified_gmt":"2024-02-26T12:05:05","slug":"tarot-a-alchymie","status":"publish","type":"page","link":"https:\/\/www.jankroca.cz\/index.php\/tarot-a-alchymie\/","title":{"rendered":"Tarot a alchymie"},"content":{"rendered":"<div id=\"fb-root\"><\/div>\n<p><script>(function(d, s, id) {<br \/>\n  var js, fjs = d.getElementsByTagName(s)[0];<br \/>\n  if (d.getElementById(id)) return;<br \/>\n  js = d.createElement(s); js.id = id;<br \/>\n  js.src = 'https:\/\/connect.facebook.net\/cs_CZ\/sdk.js#xfbml=1&version=v3.2';<br \/>\n  fjs.parentNode.insertBefore(js, fjs);<br \/>\n}(document, 'script', 'facebook-jssdk'));<\/script><\/p>\n<p>Tarot, alchymii a astrologii studuji u\u017e 30 let, o Tarotu \u010dasto p\u0159edn\u00e1\u0161\u00edm, kurs zvan\u00fd \u00davod do Tarotu jsem vedl t\u0159eba ve \u0160kole pln\u011bn\u00ed p\u0159\u00e1n\u00ed.<\/p>\n<p>Tarotov\u00e9 karty p\u0159edstavuj\u00ed ucelen\u00fd syst\u00e9m 78 archetyp\u016f, kter\u00e9 odpov\u00eddaj\u00ed hlavn\u00edm \u017eivotn\u00edm situac\u00edm, a vytv\u00e1\u0159ej\u00ed prakticky nekone\u010dn\u00e9 mno\u017estv\u00ed kombinac\u00ed, pro jejich\u017e v\u00fdklad je t\u0159eba tak\u00e9 intuice.\u00a0 Pokud stoj\u00edte p\u0159ed n\u011bjak\u00fdm d\u016fle\u017eit\u00fdm \u017eivotn\u00edm rozhodnut\u00edm, r\u00e1d v\u00e1m uk\u00e1\u017eu cestu skrze odpov\u011bdi karetn\u00edch symbol\u016f.<\/p>\n<p>Obzvl\u00e1\u0161t\u011b dob\u0159e odpov\u00eddaj\u00ed tarotov\u00e9 karty na ot\u00e1zky t\u00fdkaj\u00edc\u00ed se vztah\u016f s partnery, rodi\u010di, d\u011btmi, kolegy v pr\u00e1ci. \u010casto prost\u0159ednictv\u00edm tarotov\u00fdch karet odpov\u00edd\u00e1m i na dotazy ohledn\u011b hled\u00e1n\u00ed pr\u00e1ce a celkov\u00e9ho \u017eivotn\u00edho zam\u011b\u0159en\u00ed.<\/p>\n<p>P\u0159i v\u00fdkladu nej\u010dast\u011bji pou\u017e\u00edv\u00e1m Rider-Waite Tarot, kter\u00fd je hodn\u011b n\u00e1zorn\u00fd a snadno uchopiteln\u00fd. Pracuji i s dal\u0161\u00edmi tarotov\u00fdmi syst\u00e9my, t\u0159eba s Tarotem Sn\u016f, Crowleyho Tarotem nebo v\u00fdte\u010dn\u00fdm Eclectic Tarotem od rakousk\u00e9ho v\u00fdtvarn\u00edka Josefa Machynky, \u0161pi\u010dkov\u00e9ho znalce staroegypsk\u00e9 symboliky<\/p>\n<p>Tarot \u00fazce souvis\u00ed s astrologi\u00ed, numerologi\u00ed a dal\u0161\u00edmi hermetick\u00fdmi naukami, kter\u00e9\u00a0 dnes naz\u00fdv\u00e1me souhrnn\u00fdm pojmem &#8220;esoterika&#8221;. Ta dnes ob\u010das nem\u00e1 nejlep\u0161\u00ed pov\u011bst, v minulosti ale tyto hermetick\u00e9 v\u011bdy pat\u0159ily k v\u00e1\u017een\u00fdm a respektovan\u00fdm nauk\u00e1m, kter\u00fdm se v\u011bnovala \u0159ada kr\u00e1l\u016f i filosof\u016f.<\/p>\n<p>Novodobou renesanci Tarotu a alchymie jako cesty do hloubi vlastn\u00ed du\u0161e skv\u011ble zpracoval t\u0159eba \u0161v\u00fdcarsk\u00fd psycholog Carl Gustav Jung, jeho\u017e knihy m\u011b p\u0159ivedly i na cestu alchymie.\u00a0 Provozuji facebookovou str\u00e1nku <a href=\"https:\/\/www.facebook.com\/pruvodcejankroca\">https:\/\/www.facebook.com\/pruvodcejankroca<\/a>, v\u011bnovanou hermetick\u00e9 a alchymistick\u00e9 architektu\u0159e a poutn\u00edm cest\u00e1m jako iniciaci l\u00e9\u010divou silou p\u0159\u00edrody. Doslova m\u016f\u017eeme mluvit o &#8220;terapii krajinou&#8221;.<\/p>\n<p>R\u00e1d v\u00e1s p\u0159iv\u00edt\u00e1m i na m\u00fdch kurzech Tarotu a na exkurz\u00edch na pam\u00e1tn\u00e1 m\u00edsta \u010desk\u00e9 historie, kde \u010dasto vyu\u017e\u00edv\u00e1me Tarotov\u00e9 karty jako jednu z metod, kterou k n\u00e1m promlouv\u00e1 genius loci.<\/p>\n","protected":false},"excerpt":{"rendered":"<p>Tarot, alchymii a astrologii studuji u\u017e 30 let, o Tarotu \u010dasto p\u0159edn\u00e1\u0161\u00edm, kurs zvan\u00fd \u00davod do Tarotu jsem vedl t\u0159eba ve \u0160kole pln\u011bn\u00ed p\u0159\u00e1n\u00ed. Tarotov\u00e9 karty p\u0159edstavuj\u00ed ucelen\u00fd syst\u00e9m 78 archetyp\u016f, kter\u00e9 odpov\u00eddaj\u00ed hlavn\u00edm \u017eivotn\u00edm situac\u00edm, a vytv\u00e1\u0159ej\u00ed prakticky nekone\u010dn\u00e9 mno\u017estv\u00ed kombinac\u00ed, pro jejich\u017e v\u00fdklad je t\u0159eba tak\u00e9 intuice.\u00a0 Pokud stoj\u00edte p\u0159ed n\u011bjak\u00fdm d\u016fle\u017eit\u00fdm \u017eivotn\u00edm&#8230;<\/p>\n","protected":false},"author":1,"featured_media":500,"parent":0,"menu_order":0,"comment_status":"closed","ping_status":"closed","template":"","meta":[],"_links":{"self":[{"href":"https:\/\/www.jankroca.cz\/index.php\/wp-json\/wp\/v2\/pages\/10"}],"collection":[{"href":"https:\/\/www.jankroca.cz\/index.php\/wp-json\/wp\/v2\/pages"}],"about":[{"href":"https:\/\/www.jankroca.cz\/index.php\/wp-json\/wp\/v2\/types\/page"}],"author":[{"embeddable":true,"href":"https:\/\/www.jankroca.cz\/index.php\/wp-json\/wp\/v2\/users\/1"}],"replies":[{"embeddable":true,"href":"https:\/\/www.jankroca.cz\/index.php\/wp-json\/wp\/v2\/comments?post=10"}],"version-history":[{"count":15,"href":"https:\/\/www.jankroca.cz\/index.php\/wp-json\/wp\/v2\/pages\/10\/revisions"}],"predecessor-version":[{"id":1595,"href":"https:\/\/www.jankroca.cz\/index.php\/wp-json\/wp\/v2\/pages\/10\/revisions\/1595"}],"wp:featuredmedia":[{"embeddable":true,"href":"https:\/\/www.jankroca.cz\/index.php\/wp-json\/wp\/v2\/media\/500"}],"wp:attachment":[{"href":"https:\/\/www.jankroca.cz\/index.php\/wp-json\/wp\/v2\/media?parent=10"}],"curies":[{"name":"wp","href":"https:\/\/api.w.org\/{rel}","templated":true}]}}